{"id":1695,"date":"2020-04-03T12:41:02","date_gmt":"2020-04-03T12:41:02","guid":{"rendered":"https:\/\/info.aide-et-action.org\/?page_id=1695"},"modified":"2020-06-15T09:07:57","modified_gmt":"2020-06-15T09:07:57","slug":"credits","status":"publish","type":"page","link":"https:\/\/agir.planete-eed.org\/lutte-exploitation\/credits\/","title":{"rendered":"Cr\u00e9dits"},"content":{"rendered":"<p>[et_pb_section fb_built=\u00a0\u00bb1&Prime; _builder_version=\u00a0\u00bb4.4.2&Prime; background_color=\u00a0\u00bb#4c4c4c\u00a0\u00bb custom_padding=\u00a0\u00bb||0px|||\u00a0\u00bb][et_pb_row _builder_version=\u00a0\u00bb4.4.2&Prime;][et_pb_column type=\u00a0\u00bb4_4&Prime; _builder_version=\u00a0\u00bb4.4.2&Prime;][et_pb_text _builder_version=\u00a0\u00bb4.4.2&Prime; header_font=\u00a0\u00bb|700|||||||\u00a0\u00bb header_text_color=\u00a0\u00bb#ffffff\u00a0\u00bb header_font_size=\u00a0\u00bb54px\u00a0\u00bb]<\/p>\n<h1>Cr\u00e9dits<\/h1>\n<p>[\/et_pb_text][et_pb_text _builder_version=\u00a0\u00bb4.4.2&Prime; header_font=\u00a0\u00bb|700|||||||\u00a0\u00bb header_text_color=\u00a0\u00bb#ffffff\u00a0\u00bb header_font_size=\u00a0\u00bb54px\u00a0\u00bb]<\/p>\n<h2><span style=\"color: #ffffff;\"><strong>Conception &amp; d\u00e9veloppement : <\/strong><a href=\"https:\/\/nexize.com\" target=\"_blank\" rel=\"noopener noreferrer\">Nexize<\/a><\/span><\/h2>\n<p>[\/et_pb_text][et_pb_text _builder_version=\u00a0\u00bb4.4.2&Prime; header_font=\u00a0\u00bb|700|||||||\u00a0\u00bb header_text_color=\u00a0\u00bb#ffffff\u00a0\u00bb header_font_size=\u00a0\u00bb54px\u00a0\u00bb]<\/p>\n<h2><span style=\"color: #ffffff;\"><strong>Cr\u00e9dits Photos :<\/strong><\/span><\/h2>\n<p>[\/et_pb_text][\/et_pb_column][\/et_pb_row][\/et_pb_section][et_pb_section fb_built=\u00a0\u00bb1&Prime; _builder_version=\u00a0\u00bb4.4.2&Prime; background_color=\u00a0\u00bb#4c4c4c\u00a0\u00bb custom_margin=\u00a0\u00bb-21px|||||\u00a0\u00bb custom_padding=\u00a0\u00bb26px||0px|||\u00a0\u00bb][et_pb_row column_structure=\u00a0\u00bb1_3,1_3,1_3&Prime; _builder_version=\u00a0\u00bb4.4.2&Prime; custom_padding=\u00a0\u00bb0px|||||\u00a0\u00bb][et_pb_column type=\u00a0\u00bb1_3&Prime; _builder_version=\u00a0\u00bb4.4.2&Prime;][et_pb_image src=\u00a0\u00bbhttps:\/\/agir.planete-eed.org\/quels-sont-les-reves-d-avenir-pour-un-enfant-qui-ne-va-pas-a-l-ecole\/wp-content\/uploads\/sites\/14\/2020\/04\/Photo-header.jpg\u00a0\u00bb _builder_version=\u00a0\u00bb4.4.2&Prime;][\/et_pb_image][et_pb_text _builder_version=\u00a0\u00bb4.4.8&Prime; hover_enabled=\u00a0\u00bb0&Prime; text_text_color=\u00a0\u00bb#ffffff\u00a0\u00bb]<\/p>\n<p><span>\u00a9 Aide et Action<\/span><\/p>\n<p>[\/et_pb_text][et_pb_image src=\u00a0\u00bbhttps:\/\/agir.planete-eed.org\/quels-sont-les-reves-d-avenir-pour-un-enfant-qui-ne-va-pas-a-l-ecole\/wp-content\/uploads\/sites\/14\/2020\/04\/Julie-Pudlowski-Afrique-de-louest1-copie-scaled.jpg\u00a0\u00bb _builder_version=\u00a0\u00bb4.4.2&Prime;][\/et_pb_image][et_pb_text _builder_version=\u00a0\u00bb4.4.2&Prime;]<\/p>\n<p><span style=\"color: #ffffff;\">\u00a9 Julie Pudlowski<\/span><\/p>\n<p>[\/et_pb_text][et_pb_image src=\u00a0\u00bbhttps:\/\/agir.planete-eed.org\/quels-sont-les-reves-d-avenir-pour-un-enfant-qui-ne-va-pas-a-l-ecole\/wp-content\/uploads\/sites\/14\/2020\/04\/Photo-don10.jpg\u00a0\u00bb _builder_version=\u00a0\u00bb4.4.2&Prime;][\/et_pb_image][et_pb_text _builder_version=\u00a0\u00bb4.4.2&Prime; custom_padding=\u00a0\u00bb||1px|||\u00a0\u00bb]<\/p>\n<p><span style=\"color: #ffffff;\">\u00a9 Vincent Reynaud Lacroze<\/span><\/p>\n<p>[\/et_pb_text][\/et_pb_column][et_pb_column type=\u00a0\u00bb1_3&Prime; _builder_version=\u00a0\u00bb4.4.2&Prime;][et_pb_image src=\u00a0\u00bbhttps:\/\/agir.planete-eed.org\/quels-sont-les-reves-d-avenir-pour-un-enfant-qui-ne-va-pas-a-l-ecole\/wp-content\/uploads\/sites\/14\/2020\/04\/Christine-Redmond-Asie-du-sud-est1-copie-scaled.jpg\u00a0\u00bb _builder_version=\u00a0\u00bb4.4.2&Prime;][\/et_pb_image][et_pb_text _builder_version=\u00a0\u00bb4.4.8&Prime; hover_enabled=\u00a0\u00bb0&Prime; text_text_color=\u00a0\u00bb#ffffff\u00a0\u00bb]<\/p>\n<p><span>\u00a9 Aide et Action<\/span><\/p>\n<p>[\/et_pb_text][et_pb_image src=\u00a0\u00bbhttps:\/\/agir.planete-eed.org\/quels-sont-les-reves-d-avenir-pour-un-enfant-qui-ne-va-pas-a-l-ecole\/wp-content\/uploads\/sites\/14\/2020\/04\/Julie-Pudlowski-Discours-CEB.jpg\u00a0\u00bb _builder_version=\u00a0\u00bb4.4.2&Prime;][\/et_pb_image][et_pb_text _builder_version=\u00a0\u00bb4.4.2&Prime;]<\/p>\n<p><span style=\"color: #ffffff;\">\u00a9 Julie Pudlowski<\/span><\/p>\n<p>[\/et_pb_text][et_pb_image src=\u00a0\u00bbhttps:\/\/agir.planete-eed.org\/quels-sont-les-reves-d-avenir-pour-un-enfant-qui-ne-va-pas-a-l-ecole\/wp-content\/uploads\/sites\/14\/2020\/04\/Photo-don300.jpg\u00a0\u00bb _builder_version=\u00a0\u00bb4.4.2&Prime;][\/et_pb_image][et_pb_text _builder_version=\u00a0\u00bb4.4.8&Prime; hover_enabled=\u00a0\u00bb0&Prime; text_text_color=\u00a0\u00bb#ffffff\u00a0\u00bb]<\/p>\n<p><span>\u00a9 Aide et Action<\/span><\/p>\n<p>[\/et_pb_text][\/et_pb_column][et_pb_column type=\u00a0\u00bb1_3&Prime; _builder_version=\u00a0\u00bb4.4.2&Prime;][et_pb_image src=\u00a0\u00bbhttps:\/\/agir.planete-eed.org\/quels-sont-les-reves-d-avenir-pour-un-enfant-qui-ne-va-pas-a-l-ecole\/wp-content\/uploads\/sites\/14\/2020\/04\/Na\u00efade-Plante-Inde1-copie-scaled.jpg\u00a0\u00bb _builder_version=\u00a0\u00bb4.4.2&Prime;][\/et_pb_image][et_pb_text _builder_version=\u00a0\u00bb4.4.2&Prime;]<span style=\"color: #ffffff;\">\u00a9 Na\u00efade Plante<\/span>[\/et_pb_text][et_pb_image src=\u00a0\u00bbhttps:\/\/agir.planete-eed.org\/quels-sont-les-reves-d-avenir-pour-un-enfant-qui-ne-va-pas-a-l-ecole\/wp-content\/uploads\/sites\/14\/2020\/04\/Photo-don100.jpg\u00a0\u00bb _builder_version=\u00a0\u00bb4.4.2&Prime;][\/et_pb_image][et_pb_text _builder_version=\u00a0\u00bb4.4.8&Prime; hover_enabled=\u00a0\u00bb0&Prime; text_text_color=\u00a0\u00bb#ffffff\u00a0\u00bb]<\/p>\n<p><span>\u00a9 Aide et Action<\/span><\/p>\n<p>[\/et_pb_text][et_pb_image src=\u00a0\u00bbhttps:\/\/agir.planete-eed.org\/quels-sont-les-reves-d-avenir-pour-un-enfant-qui-ne-va-pas-a-l-ecole\/wp-content\/uploads\/sites\/14\/2020\/04\/Photo-Newsletter.jpg\u00a0\u00bb _builder_version=\u00a0\u00bb4.4.2&Prime;][\/et_pb_image][et_pb_text _builder_version=\u00a0\u00bb4.4.8&Prime; hover_enabled=\u00a0\u00bb0&Prime; text_text_color=\u00a0\u00bb#ffffff\u00a0\u00bb]<\/p>\n<p><span>\u00a9 Aide et Action<\/span><\/p>\n<p>[\/et_pb_text][\/et_pb_column][\/et_pb_row][\/et_pb_section][et_pb_section fb_built=\u00a0\u00bb1&Prime; _builder_version=\u00a0\u00bb4.4.2&Prime; background_color=\u00a0\u00bb#4c4c4c\u00a0\u00bb custom_padding=\u00a0\u00bb25px|||||\u00a0\u00bb][et_pb_row column_structure=\u00a0\u00bb1_3,1_3,1_3&Prime; _builder_version=\u00a0\u00bb4.4.2&Prime; custom_margin=\u00a0\u00bb-49px|auto||auto||\u00a0\u00bb][et_pb_column type=\u00a0\u00bb1_3&Prime; _builder_version=\u00a0\u00bb4.4.2&Prime;][et_pb_image src=\u00a0\u00bbhttps:\/\/agir.planete-eed.org\/quels-sont-les-reves-d-avenir-pour-un-enfant-qui-ne-va-pas-a-l-ecole\/wp-content\/uploads\/sites\/14\/2020\/05\/WhatsApp-Image-2020-04-13-at-17.33.54-1.jpg\u00a0\u00bb title_text=\u00a0\u00bbWhatsApp-Image-2020-04-13-at-17.33.54-1&Prime; _builder_version=\u00a0\u00bb4.4.5&Prime;][\/et_pb_image][et_pb_text _builder_version=\u00a0\u00bb4.4.8&Prime; hover_enabled=\u00a0\u00bb0&Prime; text_text_color=\u00a0\u00bb#ffffff\u00a0\u00bb]<\/p>\n<p><span>\u00a9 Aide et Action<\/span><\/p>\n<p>[\/et_pb_text][\/et_pb_column][et_pb_column type=\u00a0\u00bb1_3&Prime; _builder_version=\u00a0\u00bb4.4.2&Prime;][et_pb_image src=\u00a0\u00bbhttps:\/\/agir.planete-eed.org\/quels-sont-les-reves-d-avenir-pour-un-enfant-qui-ne-va-pas-a-l-ecole\/wp-content\/uploads\/sites\/14\/2020\/05\/image-distribution.jpg\u00a0\u00bb title_text=\u00a0\u00bbimage-distribution\u00a0\u00bb _builder_version=\u00a0\u00bb4.4.5&Prime;][\/et_pb_image][et_pb_text _builder_version=\u00a0\u00bb4.4.8&Prime; hover_enabled=\u00a0\u00bb0&Prime; text_text_color=\u00a0\u00bb#ffffff\u00a0\u00bb]<\/p>\n<p><span>\u00a9 Aide et Action<\/span><\/p>\n<p>[\/et_pb_text][\/et_pb_column][et_pb_column type=\u00a0\u00bb1_3&Prime; _builder_version=\u00a0\u00bb4.4.2&Prime;][\/et_pb_column][\/et_pb_row][et_pb_row _builder_version=\u00a0\u00bb4.4.5&Prime;][et_pb_column type=\u00a0\u00bb4_4&Prime; _builder_version=\u00a0\u00bb4.4.5&Prime;][et_pb_text _builder_version=\u00a0\u00bb4.4.2&Prime; header_font=\u00a0\u00bb|700|||||||\u00a0\u00bb header_text_color=\u00a0\u00bb#ffffff\u00a0\u00bb header_font_size=\u00a0\u00bb54px\u00a0\u00bb]<\/p>\n<h2><span style=\"color: #ffffff;\"><strong>Sources :<\/strong><\/span><\/h2>\n<div>\n<ul>\n<li><span style=\"color: #ffffff;\">258 millions d&rsquo;enfants et de jeunes non scolaris\u00e9s dans le monde source : IUS, UNESCO, 2019<\/span><\/li>\n<li><span style=\"color: #ffffff;\">51% de la population mondiale n\u2019a<span color=\"#000000\" face=\"arial, sans-serif\" style=\"font-family: arial, sans-serif;\"> pas acc\u00e8s aux soins essentiels. <\/span>Source : Rapport mondial de suivi 2019\u00a0 de l\u2019OMS<\/span><\/li>\n<li><span style=\"color: #ffffff;\">385 millions d\u2019enfants vivent dans l\u2019extr\u00eame<span color=\"#000000\" face=\"arial, sans-serif\" style=\"font-family: arial, sans-serif;\"> pauvret\u00e9 <\/span>Source : Analyse du Groupe de la Banque mondiale et de l\u2019UNICEF, 2016<\/span><\/li>\n<\/ul>\n<\/div>\n<div><\/div>\n<p>[\/et_pb_text][\/et_pb_column][\/et_pb_row][\/et_pb_section][et_pb_section fb_built=\u00a0\u00bb1&Prime; _builder_version=\u00a0\u00bb4.4.2&Prime; background_color=\u00a0\u00bb#2d2d2d\u00a0\u00bb custom_padding=\u00a0\u00bb23px|0px|19px|0px|false|false\u00a0\u00bb global_module=\u00a0\u00bb1711&Prime;][et_pb_row column_structure=\u00a0\u00bb1_4,1_2,1_4&Prime; _builder_version=\u00a0\u00bb3.25&Prime; custom_padding=\u00a0\u00bb0|0px|27px|0px|false|false\u00a0\u00bb][et_pb_column type=\u00a0\u00bb1_4&Prime; _builder_version=\u00a0\u00bb3.25&Prime; custom_padding=\u00a0\u00bb|||\u00a0\u00bb custom_padding__hover=\u00a0\u00bb|||\u00a0\u00bb][et_pb_text _builder_version=\u00a0\u00bb4.4.2&Prime; text_font_size=\u00a0\u00bb16px\u00a0\u00bb custom_margin=\u00a0\u00bb||15px|||\u00a0\u00bb]<\/p>\n<p class=\"col-1-3\"><span style=\"color: #999999;\"><img loading=\"lazy\" decoding=\"async\" src=\"https:\/\/agir.planete-eed.org\/quels-sont-les-reves-d-avenir-pour-un-enfant-qui-ne-va-pas-a-l-ecole\/wp-content\/uploads\/sites\/14\/2020\/03\/AeAw-300x74.png\" width=\"215\" height=\"53\" alt=\"\" class=\"wp-image-41 alignnone size-medium\" srcset=\"https:\/\/agir.planete-eed.org\/lutte-exploitation\/wp-content\/uploads\/sites\/15\/2020\/03\/AeAw-300x74.png 300w, https:\/\/agir.planete-eed.org\/lutte-exploitation\/wp-content\/uploads\/sites\/15\/2020\/03\/AeAw-1024x253.png 1024w, https:\/\/agir.planete-eed.org\/lutte-exploitation\/wp-content\/uploads\/sites\/15\/2020\/03\/AeAw-768x190.png 768w, https:\/\/agir.planete-eed.org\/lutte-exploitation\/wp-content\/uploads\/sites\/15\/2020\/03\/AeAw-610x151.png 610w, https:\/\/agir.planete-eed.org\/lutte-exploitation\/wp-content\/uploads\/sites\/15\/2020\/03\/AeAw-1080x267.png 1080w, https:\/\/agir.planete-eed.org\/lutte-exploitation\/wp-content\/uploads\/sites\/15\/2020\/03\/AeAw.png 1200w\" sizes=\"(max-width: 215px) 100vw, 215px\" \/><\/span><\/p>\n<p class=\"col-1-3\"><span style=\"color: #999999;\">53, boulevard de Charonne<\/span><br \/><span style=\"color: #999999;\">75545 Paris Cedex 11<\/span><br \/><span style=\"color: #999999;\">T. 01 55 25 70 00<\/span><\/p>\n<p>[\/et_pb_text][et_pb_text _builder_version=\u00a0\u00bb4.4.2&Prime; text_text_color=\u00a0\u00bb#ffffff\u00a0\u00bb text_font_size=\u00a0\u00bb12px\u00a0\u00bb text_line_height=\u00a0\u00bb1.5em\u00a0\u00bb]<\/p>\n<p class=\"col-1-3\"><a href=\"https:\/\/france.aide-et-action.org\/vie-privee-cookies\/\" target=\"_blank\" rel=\"noopener noreferrer\"><span style=\"color: #999999;\">Mentions l\u00e9gales &amp; vie priv\u00e9e<\/span><\/a><\/p>\n<p class=\"col-1-3\"><a href=\"https:\/\/agir.planete-eed.org\/credits\/\" target=\"_blank\" rel=\"noopener noreferrer\"><span style=\"color: #999999;\">Cr\u00e9dits<\/span><\/a><\/p>\n<p>[\/et_pb_text][\/et_pb_column][et_pb_column type=\u00a0\u00bb1_2&Prime; _builder_version=\u00a0\u00bb3.25&Prime; custom_padding=\u00a0\u00bb|||\u00a0\u00bb custom_padding__hover=\u00a0\u00bb|||\u00a0\u00bb][et_pb_text _builder_version=\u00a0\u00bb4.4.2&Prime; header_font_size=\u00a0\u00bb32px\u00a0\u00bb header_3_font_size=\u00a0\u00bb24px\u00a0\u00bb header_3_line_height=\u00a0\u00bb1.3em\u00a0\u00bb custom_margin=\u00a0\u00bb||-1px\u00a0\u00bb custom_padding=\u00a0\u00bb26px|||||\u00a0\u00bb]<\/p>\n<h3 style=\"text-align: center;\"><span style=\"color: #ffffff;\">Suivez-nous sur les r\u00e9seaux sociaux<\/span><\/h3>\n<p>[\/et_pb_text][et_pb_social_media_follow use_icon_font_size=\u00a0\u00bbon\u00a0\u00bb icon_font_size=\u00a0\u00bb26px\u00a0\u00bb _builder_version=\u00a0\u00bb4.4.2&Prime; text_orientation=\u00a0\u00bbcenter\u00a0\u00bb custom_margin=\u00a0\u00bb23px|||||\u00a0\u00bb border_radii=\u00a0\u00bbon|100px|100px|100px|100px\u00a0\u00bb][et_pb_social_media_follow_network social_network=\u00a0\u00bbinstagram\u00a0\u00bb url=\u00a0\u00bbhttps:\/\/www.instagram.com\/aideetactionofficiel\u00a0\u00bb _builder_version=\u00a0\u00bb4.4.2&Prime; background_color=\u00a0\u00bb#ea2c59&Prime; follow_button=\u00a0\u00bboff\u00a0\u00bb url_new_window=\u00a0\u00bbon\u00a0\u00bb]instagram[\/et_pb_social_media_follow_network][et_pb_social_media_follow_network social_network=\u00a0\u00bbfacebook\u00a0\u00bb url=\u00a0\u00bbhttps:\/\/www.facebook.com\/aideetaction\u00a0\u00bb _builder_version=\u00a0\u00bb4.4.2&Prime; background_color=\u00a0\u00bb#3b5998&Prime; follow_button=\u00a0\u00bboff\u00a0\u00bb url_new_window=\u00a0\u00bbon\u00a0\u00bb]facebook[\/et_pb_social_media_follow_network][et_pb_social_media_follow_network social_network=\u00a0\u00bbtwitter\u00a0\u00bb url=\u00a0\u00bbhttps:\/\/twitter.com\/aideetaction\u00a0\u00bb _builder_version=\u00a0\u00bb4.4.2&Prime; background_color=\u00a0\u00bb#00aced\u00a0\u00bb follow_button=\u00a0\u00bboff\u00a0\u00bb url_new_window=\u00a0\u00bbon\u00a0\u00bb]twitter[\/et_pb_social_media_follow_network][et_pb_social_media_follow_network social_network=\u00a0\u00bbyoutube\u00a0\u00bb url=\u00a0\u00bbhttp:\/\/www.youtube.com\/aideetaction\u00a0\u00bb _builder_version=\u00a0\u00bb4.4.2&Prime; background_color=\u00a0\u00bb#a82400&Prime; follow_button=\u00a0\u00bboff\u00a0\u00bb url_new_window=\u00a0\u00bbon\u00a0\u00bb]youtube[\/et_pb_social_media_follow_network][et_pb_social_media_follow_network social_network=\u00a0\u00bblinkedin\u00a0\u00bb url=\u00a0\u00bbhttps:\/\/www.linkedin.com\/company\/79336\/\u00a0\u00bb _builder_version=\u00a0\u00bb4.4.2&Prime; background_color=\u00a0\u00bb#007bb6&Prime; follow_button=\u00a0\u00bboff\u00a0\u00bb url_new_window=\u00a0\u00bbon\u00a0\u00bb]linkedin[\/et_pb_social_media_follow_network][\/et_pb_social_media_follow][\/et_pb_column][et_pb_column type=\u00a0\u00bb1_4&Prime; _builder_version=\u00a0\u00bb3.25&Prime; custom_padding=\u00a0\u00bb|||\u00a0\u00bb custom_padding__hover=\u00a0\u00bb|||\u00a0\u00bb][et_pb_text _builder_version=\u00a0\u00bb4.4.2&Prime; text_text_color=\u00a0\u00bb#ffffff\u00a0\u00bb text_font_size=\u00a0\u00bb12px\u00a0\u00bb text_line_height=\u00a0\u00bb1.5em\u00a0\u00bb]<\/p>\n<p class=\"col-1-3\"><span style=\"color: #999999;\"><\/span><\/p>\n<p class=\"col-1-3\"><span style=\"color: #999999;\"><\/span><\/p>\n<p class=\"col-1-3\"><span style=\"color: #999999;\">Aide et Action est une association de loi 1901 reconnue d\u2019utilit\u00e9 publique (SIRET n\u00b0322 624 206 00056 et RNA n\u00b0W751056236). <\/span><span style=\"color: #999999;\"><br \/>Chaque don ouvre droit \u00e0 une r\u00e9duction d\u2019imp\u00f4ts \u00e9gale \u00e0 66% du montant du don, dans la limite de 20% de votre revenu imposable.<\/span><\/p>\n<p>[\/et_pb_text][\/et_pb_column][\/et_pb_row][\/et_pb_section]<\/p>\n","protected":false},"excerpt":{"rendered":"<p>Cr\u00e9ditsConception &amp; d\u00e9veloppement : NexizeCr\u00e9dits Photos :\u00a9 Aide et Action \u00a9 Julie Pudlowski\u00a9 Vincent Reynaud Lacroze\u00a9 Aide et Action \u00a9 Julie Pudlowski\u00a9 Aide et Action \u00a9 Na\u00efade Plante\u00a9 Aide et Action \u00a9 Aide et Action \u00a9 Aide et Action \u00a9 Aide et Action Sources : 258 millions d&rsquo;enfants et de jeunes non scolaris\u00e9s dans le [&hellip;]<\/p>\n","protected":false},"author":1,"featured_media":0,"parent":0,"menu_order":0,"comment_status":"closed","ping_status":"closed","template":"","meta":{"_et_pb_use_builder":"on","_et_pb_old_content":"","_et_gb_content_width":"","footnotes":""},"class_list":["post-1695","page","type-page","status-publish","hentry"],"yoast_head":"<!-- This site is optimized with the Yoast SEO plugin v27.4 - https:\/\/yoast.com\/product\/yoast-seo-wordpress\/ -->\n<title>Cr\u00e9dits - Exploitation<\/title>\n<meta name=\"robots\" content=\"index, follow, max-snippet:-1, max-image-preview:large, max-video-preview:-1\" \/>\n<link rel=\"canonical\" href=\"https:\/\/agir.planete-eed.org\/lutte-exploitation\/credits\/\" \/>\n<meta property=\"og:locale\" content=\"fr_FR\" \/>\n<meta property=\"og:type\" content=\"article\" \/>\n<meta property=\"og:title\" content=\"Cr\u00e9dits - Exploitation\" \/>\n<meta property=\"og:description\" content=\"Cr\u00e9ditsConception &amp; d\u00e9veloppement : NexizeCr\u00e9dits Photos :\u00a9 Aide et Action \u00a9 Julie Pudlowski\u00a9 Vincent Reynaud Lacroze\u00a9 Aide et Action \u00a9 Julie Pudlowski\u00a9 Aide et Action \u00a9 Na\u00efade Plante\u00a9 Aide et Action \u00a9 Aide et Action \u00a9 Aide et Action \u00a9 Aide et Action Sources : 258 millions d&#039;enfants et de jeunes non scolaris\u00e9s dans le [&hellip;]\" \/>\n<meta property=\"og:url\" content=\"https:\/\/agir.planete-eed.org\/lutte-exploitation\/credits\/\" \/>\n<meta property=\"og:site_name\" content=\"Exploitation\" \/>\n<meta property=\"article:modified_time\" content=\"2020-06-15T09:07:57+00:00\" \/>\n<meta property=\"og:image\" content=\"https:\/\/agir.planete-eed.org\/quels-sont-les-reves-d-avenir-pour-un-enfant-qui-ne-va-pas-a-l-ecole\/wp-content\/uploads\/sites\/14\/2020\/03\/AeAw-300x74.png\" \/>\n<meta name=\"twitter:card\" content=\"summary_large_image\" \/>\n<meta name=\"twitter:label1\" content=\"Dur\u00e9e de lecture estim\u00e9e\" \/>\n\t<meta name=\"twitter:data1\" content=\"6 minutes\" \/>\n<script type=\"application\/ld+json\" class=\"yoast-schema-graph\">{\"@context\":\"https:\\\/\\\/schema.org\",\"@graph\":[{\"@type\":\"WebPage\",\"@id\":\"https:\\\/\\\/agir.planete-eed.org\\\/lutte-exploitation\\\/credits\\\/\",\"url\":\"https:\\\/\\\/agir.planete-eed.org\\\/lutte-exploitation\\\/credits\\\/\",\"name\":\"Cr\u00e9dits - Exploitation\",\"isPartOf\":{\"@id\":\"https:\\\/\\\/agir.planete-eed.org\\\/lutte-exploitation\\\/#website\"},\"primaryImageOfPage\":{\"@id\":\"https:\\\/\\\/agir.planete-eed.org\\\/lutte-exploitation\\\/credits\\\/#primaryimage\"},\"image\":{\"@id\":\"https:\\\/\\\/agir.planete-eed.org\\\/lutte-exploitation\\\/credits\\\/#primaryimage\"},\"thumbnailUrl\":\"https:\\\/\\\/agir.planete-eed.org\\\/quels-sont-les-reves-d-avenir-pour-un-enfant-qui-ne-va-pas-a-l-ecole\\\/wp-content\\\/uploads\\\/sites\\\/14\\\/2020\\\/03\\\/AeAw-300x74.png\",\"datePublished\":\"2020-04-03T12:41:02+00:00\",\"dateModified\":\"2020-06-15T09:07:57+00:00\",\"breadcrumb\":{\"@id\":\"https:\\\/\\\/agir.planete-eed.org\\\/lutte-exploitation\\\/credits\\\/#breadcrumb\"},\"inLanguage\":\"fr-FR\",\"potentialAction\":[{\"@type\":\"ReadAction\",\"target\":[\"https:\\\/\\\/agir.planete-eed.org\\\/lutte-exploitation\\\/credits\\\/\"]}]},{\"@type\":\"ImageObject\",\"inLanguage\":\"fr-FR\",\"@id\":\"https:\\\/\\\/agir.planete-eed.org\\\/lutte-exploitation\\\/credits\\\/#primaryimage\",\"url\":\"https:\\\/\\\/agir.planete-eed.org\\\/quels-sont-les-reves-d-avenir-pour-un-enfant-qui-ne-va-pas-a-l-ecole\\\/wp-content\\\/uploads\\\/sites\\\/14\\\/2020\\\/03\\\/AeAw-300x74.png\",\"contentUrl\":\"https:\\\/\\\/agir.planete-eed.org\\\/quels-sont-les-reves-d-avenir-pour-un-enfant-qui-ne-va-pas-a-l-ecole\\\/wp-content\\\/uploads\\\/sites\\\/14\\\/2020\\\/03\\\/AeAw-300x74.png\"},{\"@type\":\"BreadcrumbList\",\"@id\":\"https:\\\/\\\/agir.planete-eed.org\\\/lutte-exploitation\\\/credits\\\/#breadcrumb\",\"itemListElement\":[{\"@type\":\"ListItem\",\"position\":1,\"name\":\"Accueil\",\"item\":\"https:\\\/\\\/agir.planete-eed.org\\\/lutte-exploitation\\\/\"},{\"@type\":\"ListItem\",\"position\":2,\"name\":\"Cr\u00e9dits\"}]},{\"@type\":\"WebSite\",\"@id\":\"https:\\\/\\\/agir.planete-eed.org\\\/lutte-exploitation\\\/#website\",\"url\":\"https:\\\/\\\/agir.planete-eed.org\\\/lutte-exploitation\\\/\",\"name\":\"Exploitation\",\"description\":\"Aidez Plan\u00e8te Enfants &amp; D\u00e9veloppement\",\"publisher\":{\"@id\":\"https:\\\/\\\/agir.planete-eed.org\\\/lutte-exploitation\\\/#organization\"},\"potentialAction\":[{\"@type\":\"SearchAction\",\"target\":{\"@type\":\"EntryPoint\",\"urlTemplate\":\"https:\\\/\\\/agir.planete-eed.org\\\/lutte-exploitation\\\/?s={search_term_string}\"},\"query-input\":{\"@type\":\"PropertyValueSpecification\",\"valueRequired\":true,\"valueName\":\"search_term_string\"}}],\"inLanguage\":\"fr-FR\"},{\"@type\":\"Organization\",\"@id\":\"https:\\\/\\\/agir.planete-eed.org\\\/lutte-exploitation\\\/#organization\",\"name\":\"Plan\u00e8te Enfants & D\u00e9veloppement\",\"url\":\"https:\\\/\\\/agir.planete-eed.org\\\/lutte-exploitation\\\/\",\"logo\":{\"@type\":\"ImageObject\",\"inLanguage\":\"fr-FR\",\"@id\":\"https:\\\/\\\/agir.planete-eed.org\\\/lutte-exploitation\\\/#\\\/schema\\\/logo\\\/image\\\/\",\"url\":\"https:\\\/\\\/agir.planete-eed.org\\\/lutte-exploitation\\\/wp-content\\\/uploads\\\/sites\\\/15\\\/2020\\\/10\\\/logo.png\",\"contentUrl\":\"https:\\\/\\\/agir.planete-eed.org\\\/lutte-exploitation\\\/wp-content\\\/uploads\\\/sites\\\/15\\\/2020\\\/10\\\/logo.png\",\"width\":343,\"height\":147,\"caption\":\"Plan\u00e8te Enfants & D\u00e9veloppement\"},\"image\":{\"@id\":\"https:\\\/\\\/agir.planete-eed.org\\\/lutte-exploitation\\\/#\\\/schema\\\/logo\\\/image\\\/\"}}]}<\/script>\n<!-- \/ Yoast SEO plugin. -->","yoast_head_json":{"title":"Cr\u00e9dits - Exploitation","robots":{"index":"index","follow":"follow","max-snippet":"max-snippet:-1","max-image-preview":"max-image-preview:large","max-video-preview":"max-video-preview:-1"},"canonical":"https:\/\/agir.planete-eed.org\/lutte-exploitation\/credits\/","og_locale":"fr_FR","og_type":"article","og_title":"Cr\u00e9dits - Exploitation","og_description":"Cr\u00e9ditsConception &amp; d\u00e9veloppement : NexizeCr\u00e9dits Photos :\u00a9 Aide et Action \u00a9 Julie Pudlowski\u00a9 Vincent Reynaud Lacroze\u00a9 Aide et Action \u00a9 Julie Pudlowski\u00a9 Aide et Action \u00a9 Na\u00efade Plante\u00a9 Aide et Action \u00a9 Aide et Action \u00a9 Aide et Action \u00a9 Aide et Action Sources : 258 millions d'enfants et de jeunes non scolaris\u00e9s dans le [&hellip;]","og_url":"https:\/\/agir.planete-eed.org\/lutte-exploitation\/credits\/","og_site_name":"Exploitation","article_modified_time":"2020-06-15T09:07:57+00:00","og_image":[{"url":"https:\/\/agir.planete-eed.org\/quels-sont-les-reves-d-avenir-pour-un-enfant-qui-ne-va-pas-a-l-ecole\/wp-content\/uploads\/sites\/14\/2020\/03\/AeAw-300x74.png","type":"","width":"","height":""}],"twitter_card":"summary_large_image","twitter_misc":{"Dur\u00e9e de lecture estim\u00e9e":"6 minutes"},"schema":{"@context":"https:\/\/schema.org","@graph":[{"@type":"WebPage","@id":"https:\/\/agir.planete-eed.org\/lutte-exploitation\/credits\/","url":"https:\/\/agir.planete-eed.org\/lutte-exploitation\/credits\/","name":"Cr\u00e9dits - Exploitation","isPartOf":{"@id":"https:\/\/agir.planete-eed.org\/lutte-exploitation\/#website"},"primaryImageOfPage":{"@id":"https:\/\/agir.planete-eed.org\/lutte-exploitation\/credits\/#primaryimage"},"image":{"@id":"https:\/\/agir.planete-eed.org\/lutte-exploitation\/credits\/#primaryimage"},"thumbnailUrl":"https:\/\/agir.planete-eed.org\/quels-sont-les-reves-d-avenir-pour-un-enfant-qui-ne-va-pas-a-l-ecole\/wp-content\/uploads\/sites\/14\/2020\/03\/AeAw-300x74.png","datePublished":"2020-04-03T12:41:02+00:00","dateModified":"2020-06-15T09:07:57+00:00","breadcrumb":{"@id":"https:\/\/agir.planete-eed.org\/lutte-exploitation\/credits\/#breadcrumb"},"inLanguage":"fr-FR","potentialAction":[{"@type":"ReadAction","target":["https:\/\/agir.planete-eed.org\/lutte-exploitation\/credits\/"]}]},{"@type":"ImageObject","inLanguage":"fr-FR","@id":"https:\/\/agir.planete-eed.org\/lutte-exploitation\/credits\/#primaryimage","url":"https:\/\/agir.planete-eed.org\/quels-sont-les-reves-d-avenir-pour-un-enfant-qui-ne-va-pas-a-l-ecole\/wp-content\/uploads\/sites\/14\/2020\/03\/AeAw-300x74.png","contentUrl":"https:\/\/agir.planete-eed.org\/quels-sont-les-reves-d-avenir-pour-un-enfant-qui-ne-va-pas-a-l-ecole\/wp-content\/uploads\/sites\/14\/2020\/03\/AeAw-300x74.png"},{"@type":"BreadcrumbList","@id":"https:\/\/agir.planete-eed.org\/lutte-exploitation\/credits\/#breadcrumb","itemListElement":[{"@type":"ListItem","position":1,"name":"Accueil","item":"https:\/\/agir.planete-eed.org\/lutte-exploitation\/"},{"@type":"ListItem","position":2,"name":"Cr\u00e9dits"}]},{"@type":"WebSite","@id":"https:\/\/agir.planete-eed.org\/lutte-exploitation\/#website","url":"https:\/\/agir.planete-eed.org\/lutte-exploitation\/","name":"Exploitation","description":"Aidez Plan\u00e8te Enfants &amp; D\u00e9veloppement","publisher":{"@id":"https:\/\/agir.planete-eed.org\/lutte-exploitation\/#organization"},"potentialAction":[{"@type":"SearchAction","target":{"@type":"EntryPoint","urlTemplate":"https:\/\/agir.planete-eed.org\/lutte-exploitation\/?s={search_term_string}"},"query-input":{"@type":"PropertyValueSpecification","valueRequired":true,"valueName":"search_term_string"}}],"inLanguage":"fr-FR"},{"@type":"Organization","@id":"https:\/\/agir.planete-eed.org\/lutte-exploitation\/#organization","name":"Plan\u00e8te Enfants & D\u00e9veloppement","url":"https:\/\/agir.planete-eed.org\/lutte-exploitation\/","logo":{"@type":"ImageObject","inLanguage":"fr-FR","@id":"https:\/\/agir.planete-eed.org\/lutte-exploitation\/#\/schema\/logo\/image\/","url":"https:\/\/agir.planete-eed.org\/lutte-exploitation\/wp-content\/uploads\/sites\/15\/2020\/10\/logo.png","contentUrl":"https:\/\/agir.planete-eed.org\/lutte-exploitation\/wp-content\/uploads\/sites\/15\/2020\/10\/logo.png","width":343,"height":147,"caption":"Plan\u00e8te Enfants & D\u00e9veloppement"},"image":{"@id":"https:\/\/agir.planete-eed.org\/lutte-exploitation\/#\/schema\/logo\/image\/"}}]}},"_links":{"self":[{"href":"https:\/\/agir.planete-eed.org\/lutte-exploitation\/wp-json\/wp\/v2\/pages\/1695","targetHints":{"allow":["GET"]}}],"collection":[{"href":"https:\/\/agir.planete-eed.org\/lutte-exploitation\/wp-json\/wp\/v2\/pages"}],"about":[{"href":"https:\/\/agir.planete-eed.org\/lutte-exploitation\/wp-json\/wp\/v2\/types\/page"}],"author":[{"embeddable":true,"href":"https:\/\/agir.planete-eed.org\/lutte-exploitation\/wp-json\/wp\/v2\/users\/1"}],"replies":[{"embeddable":true,"href":"https:\/\/agir.planete-eed.org\/lutte-exploitation\/wp-json\/wp\/v2\/comments?post=1695"}],"version-history":[{"count":0,"href":"https:\/\/agir.planete-eed.org\/lutte-exploitation\/wp-json\/wp\/v2\/pages\/1695\/revisions"}],"wp:attachment":[{"href":"https:\/\/agir.planete-eed.org\/lutte-exploitation\/wp-json\/wp\/v2\/media?parent=1695"}],"curies":[{"name":"wp","href":"https:\/\/api.w.org\/{rel}","templated":true}]}}